{"id":403,"date":"2018-07-11T05:02:53","date_gmt":"2018-07-11T05:02:53","guid":{"rendered":"https:\/\/outinglobal.com\/nosotros\/"},"modified":"2025-01-23T19:12:01","modified_gmt":"2025-01-23T19:12:01","slug":"nosotros","status":"publish","type":"page","link":"https:\/\/outinglobal.com\/en\/nosotros\/","title":{"rendered":"About Us"},"content":{"rendered":"<h1>\n\t\t\t\tABOUT US\n\t\t\t<\/h1>\n<h2>\n\t\tWE WANT YOU TO REACH YOUR DESTINY.\n\t<\/h2>\n\t<p>Thanks to our ongoing training, we contribute to comprehensive logistics for your business.<\/p>\n\t<h2>\n\t\t\t\tMISSION\n\t\t\t<\/h2>\n\t\t\t<p>At Out In Global, we are dedicated to offering efficient and reliable logistics solutions, both domestically and internationally. Our mission is to be our clients' trusted partner, tailoring our solutions to their needs to drive the success of their supply chains. With a global network of strategic allies and years of experience, we seek to lead the industry by maintaining high standards of excellence and customer satisfaction.<\/p>\t\n\t<h2>\n\t\t\t\tVISION\n\t\t\t<\/h2>\n\t\t\t<p>At Out In Global, we aim to be a leader in international logistics solutions, standing out for our attention to detail and compliance with regulations. We want to be the preferred choice for customers looking for a reliable partner, leveraging our relationships with carriers to offer the best conditions. Our vision is to redefine logistics standards, balancing speed, cost and reliability, and providing first-class service.<\/p>\t\n\t<h6>\n\t\t\t\tAREAS OF SPECIALIZATION\n\t\t\t<\/h6>\n\t<h2>\n\t\t\t\tOut-In Global specializes in four different areas:\n\t\t\t<\/h2>\n\t\t\t<h6>Do you have any questions?<\/h6><h2>Contact us<\/h2>\t\t\t\n\t\t\t\t<p>Fill out the following form and we will send you our information and quote as soon as possible.<\/p>\n\t\n<div class=\"wpcf7 no-js\" id=\"wpcf7-f742-o1\" lang=\"en-US\" dir=\"ltr\" data-wpcf7-id=\"742\">\n<div class=\"screen-reader-response\"><p role=\"status\" aria-live=\"polite\" aria-atomic=\"true\"><\/p> <ul><\/ul><\/div>\n<form action=\"\/en\/wp-json\/wp\/v2\/pages\/403#wpcf7-f742-o1\" method=\"post\" class=\"wpcf7-form init\" aria-label=\"Contact form\" novalidate=\"novalidate\" data-status=\"init\" data-trp-original-action=\"\/en\/wp-json\/wp\/v2\/pages\/403#wpcf7-f742-o1\">\n<div style=\"display: none;\">\n<input type=\"hidden\" name=\"_wpcf7\" value=\"742\" \/>\n<input type=\"hidden\" name=\"_wpcf7_version\" value=\"6.0.3\" \/>\n<input type=\"hidden\" name=\"_wpcf7_locale\" value=\"en_US\" \/>\n<input type=\"hidden\" name=\"_wpcf7_unit_tag\" value=\"wpcf7-f742-o1\" \/>\n<input type=\"hidden\" name=\"_wpcf7_container_post\" value=\"0\" \/>\n<input type=\"hidden\" name=\"_wpcf7_posted_data_hash\" value=\"\" \/>\n<\/div>\n<p><label> Name<br \/>\n<span class=\"wpcf7-form-control-wrap\" data-name=\"your-name\"><input size=\"40\" maxlength=\"400\" class=\"wpcf7-form-control wpcf7-text wpcf7-validates-as-required\" autocomplete=\"name\" aria-required=\"true\" aria-invalid=\"false\" value=\"\" type=\"text\" name=\"your-name\" \/><\/span> <\/label>\n<\/p>\n<p><label> Email<br \/>\n<span class=\"wpcf7-form-control-wrap\" data-name=\"your-email\"><input size=\"40\" maxlength=\"400\" class=\"wpcf7-form-control wpcf7-email wpcf7-validates-as-required wpcf7-text wpcf7-validates-as-email\" autocomplete=\"email\" aria-required=\"true\" aria-invalid=\"false\" value=\"\" type=\"email\" name=\"your-email\" \/><\/span> <\/label>\n<\/p>\n<p><label> Company<br \/>\n<span class=\"wpcf7-form-control-wrap\" data-name=\"your-empresa\"><input size=\"40\" maxlength=\"400\" class=\"wpcf7-form-control wpcf7-text wpcf7-validates-as-required\" aria-required=\"true\" aria-invalid=\"false\" value=\"\" type=\"text\" name=\"your-empresa\" \/><\/span> <\/label>\n<\/p>\n<p><label> Country<br \/>\n<span class=\"wpcf7-form-control-wrap\" data-name=\"your-pais\"><input size=\"40\" maxlength=\"400\" class=\"wpcf7-form-control wpcf7-text wpcf7-validates-as-required\" aria-required=\"true\" aria-invalid=\"false\" value=\"\" type=\"text\" name=\"your-pais\" \/><\/span> <\/label>\n<\/p>\n<p><label> Service<br \/>\n<span class=\"wpcf7-form-control-wrap\" data-name=\"servicio-157\"><select class=\"wpcf7-form-control wpcf7-select\" aria-invalid=\"false\" name=\"servicio-157\"><option value=\"\">Import<\/option><option value=\"Exportaci\u00f3n\">Export<\/option><option value=\"Importaci\u00f3n y Exportaci\u00f3n\">Import and Export<\/option><\/select><\/span><\/label>\n<\/p>\n<p><label> Type of Freight<br \/>\n<span class=\"wpcf7-form-control-wrap\" data-name=\"transportacion-498\"><select class=\"wpcf7-form-control wpcf7-select\" aria-invalid=\"false\" name=\"transportacion-498\"><option value=\"\">Ocean<\/option><option value=\"A\u00e9rea\">Air Cargo<\/option><option value=\"Terrestre\">Land<\/option><option value=\"Todos\">All of the above<\/option><\/select><\/span><\/label>\n<\/p>\n<p><label> WhatsApp<br \/>\n<span class=\"wpcf7-form-control-wrap\" data-name=\"your-whatsapp\"><input class=\"wpcf7-form-control wpcf7-number wpcf7-validates-as-number\" aria-invalid=\"false\" value=\"\" type=\"number\" name=\"your-whatsapp\" \/><\/span> <\/label>\n<\/p>\n<p><label> Message (optional)<br \/>\n<span class=\"wpcf7-form-control-wrap\" data-name=\"your-message\"><textarea cols=\"40\" rows=\"10\" maxlength=\"2000\" class=\"wpcf7-form-control wpcf7-textarea\" aria-invalid=\"false\" name=\"your-message\"><\/textarea><\/span> <\/label>\n<\/p>\n<p><span class=\"wpcf7-form-control-wrap\" data-name=\"hcap-cf7\">\t\t<input\r\n\t\t\t\ttype=\"hidden\"\r\n\t\t\t\tclass=\"hcaptcha-widget-id\"\r\n\t\t\t\tname=\"hcaptcha-widget-id\"\r\n\t\t\t\tvalue=\"eyJzb3VyY2UiOlsiY29udGFjdC1mb3JtLTdcL3dwLWNvbnRhY3QtZm9ybS03LnBocCJdLCJmb3JtX2lkIjo3MH0=-e932207cdcdbbbecc85a6d1fd511b6cd\">\r\n\t\t\t\t<span id=\"hcap_cf7-6a095ed90290b1.71357111\" class=\"wpcf7-form-control h-captcha\"\r\n\t\t\t\tdata-sitekey=\"99aab012-0d18-4f78-b4ca-cde2b8d8a14a\"\r\n\t\t\t\tdata-theme=\"light\"\r\n\t\t\t\tdata-size=\"normal\"\r\n\t\t\t\tdata-auto=\"false\"\r\n\t\t\t\tdata-ajax=\"false\"\r\n\t\t\t\tdata-force=\"true\">\r\n\t\t<\/span>\r\n\t\t<input type=\"hidden\" id=\"_wpnonce\" name=\"_wpnonce\" value=\"96411d9335\" \/><input type=\"hidden\" name=\"_wp_http_referer\" value=\"\/en\/wp-json\/wp\/v2\/pages\/403\" \/><\/span><input class=\"wpcf7-form-control wpcf7-submit has-spinner\" type=\"submit\" value=\"SEND\" \/>\n<\/p><div class=\"wpcf7-response-output\" aria-hidden=\"true\"><\/div>\n<input type=\"hidden\" name=\"trp-form-language\" value=\"en\"\/><\/form>\n<\/div>","protected":false},"excerpt":{"rendered":"<p>Sobre nosotros Queremos que llegues a tu destino. Gracias a nuestra capacitaci\u00f3n constante, contribuimos a una log\u00edstica integral para tu negocio. Misi\u00f3n: En Out In Global, nos dedicamos a ofrecer soluciones log\u00edsticas eficientes y confiables, tanto a nivel nacional como internacional. Nuestra misi\u00f3n es ser el socio de confianza de nuestros clientes, adaptando nuestras soluciones [&hellip;]<\/p>","protected":false},"author":2,"featured_media":0,"parent":0,"menu_order":0,"comment_status":"closed","ping_status":"closed","template":"","meta":{"site-sidebar-layout":"no-sidebar","site-content-layout":"page-builder","ast-site-content-layout":"","site-content-style":"default","site-sidebar-style":"default","ast-global-header-display":"","ast-banner-title-visibility":"","ast-main-header-display":"","ast-hfb-above-header-display":"","ast-hfb-below-header-display":"","ast-hfb-mobile-header-display":"","site-post-title":"disabled","ast-breadcrumbs-content":"","ast-featured-img":"disabled","footer-sml-layout":"","theme-transparent-header-meta":"default","adv-header-id-meta":"","stick-header-meta":"default","header-above-stick-meta":"","header-main-stick-meta":"","header-below-stick-meta":"","astra-migrate-meta-layouts":"default","ast-page-background-enabled":"default","ast-page-background-meta":{"desktop":{"background-color":"","background-image":"","background-repeat":"repeat","background-position":"center center","background-size":"auto","background-attachment":"scroll","background-type":"","background-media":"","overlay-type":"","overlay-color":"","overlay-opacity":"","overlay-gradient":""},"tablet":{"background-color":"","background-image":"","background-repeat":"repeat","background-position":"center center","background-size":"auto","background-attachment":"scroll","background-type":"","background-media":"","overlay-type":"","overlay-color":"","overlay-opacity":"","overlay-gradient":""},"mobile":{"background-color":"","background-image":"","background-repeat":"repeat","background-position":"center center","background-size":"auto","background-attachment":"scroll","background-type":"","background-media":"","overlay-type":"","overlay-color":"","overlay-opacity":"","overlay-gradient":""}},"ast-content-background-meta":{"desktop":{"background-color":"var(--ast-global-color-5)","background-image":"","background-repeat":"repeat","background-position":"center center","background-size":"auto","background-attachment":"scroll","background-type":"","background-media":"","overlay-type":"","overlay-color":"","overlay-opacity":"","overlay-gradient":""},"tablet":{"background-color":"var(--ast-global-color-5)","background-image":"","background-repeat":"repeat","background-position":"center center","background-size":"auto","background-attachment":"scroll","background-type":"","background-media":"","overlay-type":"","overlay-color":"","overlay-opacity":"","overlay-gradient":""},"mobile":{"background-color":"var(--ast-global-color-5)","background-image":"","background-repeat":"repeat","background-position":"center center","background-size":"auto","background-attachment":"scroll","background-type":"","background-media":"","overlay-type":"","overlay-color":"","overlay-opacity":"","overlay-gradient":""}},"footnotes":""},"class_list":["post-403","page","type-page","status-publish","hentry"],"_links":{"self":[{"href":"https:\/\/outinglobal.com\/en\/wp-json\/wp\/v2\/pages\/403","targetHints":{"allow":["GET"]}}],"collection":[{"href":"https:\/\/outinglobal.com\/en\/wp-json\/wp\/v2\/pages"}],"about":[{"href":"https:\/\/outinglobal.com\/en\/wp-json\/wp\/v2\/types\/page"}],"author":[{"embeddable":true,"href":"https:\/\/outinglobal.com\/en\/wp-json\/wp\/v2\/users\/2"}],"replies":[{"embeddable":true,"href":"https:\/\/outinglobal.com\/en\/wp-json\/wp\/v2\/comments?post=403"}],"version-history":[{"count":4,"href":"https:\/\/outinglobal.com\/en\/wp-json\/wp\/v2\/pages\/403\/revisions"}],"predecessor-version":[{"id":712,"href":"https:\/\/outinglobal.com\/en\/wp-json\/wp\/v2\/pages\/403\/revisions\/712"}],"wp:attachment":[{"href":"https:\/\/outinglobal.com\/en\/wp-json\/wp\/v2\/media?parent=403"}],"curies":[{"name":"wp","href":"https:\/\/api.w.org\/{rel}","templated":true}]}}