{"id":404,"date":"2018-07-11T05:05:49","date_gmt":"2018-07-11T05:05:49","guid":{"rendered":"https:\/\/outinglobal.com\/servicios\/"},"modified":"2025-01-23T22:40:27","modified_gmt":"2025-01-23T22:40:27","slug":"servicios","status":"publish","type":"page","link":"https:\/\/outinglobal.com\/en\/servicios\/","title":{"rendered":"Services"},"content":{"rendered":"<h1>\n\t\t\t\tOUR SERVICES\n\t\t\t<\/h1>\n\t\t\t\t<img decoding=\"async\" src=\"http:\/\/outinglobal.com\/wp-content\/uploads\/2025\/01\/I\u0301conos_Servicios_OG_Ocean-Freight.svg\" alt=\"I\u0301conos_Servicios_OG_Ocean-Freight\" title=\"I\u0301conos_Servicios_OG_Ocean-Freight\" itemprop=\"image\"\/>\n\t<h3>\n\t\t\t\tOCEAN FREIGHT\n\t\t\t<\/h3>\n\t\t\t<p>REACH ANY PORT IN THE WORLD<\/p>\t\n\t<p>We deal directly with most of the world's major ocean carriers, allowing us to provide competitive rates and service to and from any major port in the world for import and export.<\/p>\n\t\t\t\t\t\t<h5>FULL CONTAINER LOADS (FCL)<\/h5>\n\t\t\t<p>We offer an efficient and economical service for full container loads, guaranteeing safety and punctuality.<\/p>\n\t\t\t\t\t\t<h5>Less Than Container Loads (LCL)<\/h5>\n\t\t\t<p>If your cargo does not fill a full container, our LCL services allow you to share space with other cargo, optimizing costs.<\/p>\n\t\t\t\t\t\t<h5>Project Cargo<\/h5>\n\t\t\t<p>We manage specialized transportation of heavy or oversized cargo.<\/p>\n\t\t\t\t\t\t<h5>Break Bulk Oversized Cargo<\/h5>\n\t\t\t<p>Nos encargamos de la log\u00edstica de carga sobrada o de forma no est\u00e1ndar, asegurando que los art\u00edculos grandes y pesados lleguen a su destino de manera segura y eficiente.<\/p>\n\t\t\t\t\t\t<h5>Door to Door Services<\/h5>\n\t\t\t<p>We provide a comprehensive service from pick-up at your door to delivery at the final destination, ensuring convenience and complete control of the process.<\/p>\n\t\t\t\t\t\t<h5>Port to Port Shipments<\/h5>\n\t\t\t<p>We facilitate the transport of goods between ports, offering an economical and flexible option for direct and secure international shipments.<\/p>\n\t\t\t\t<img decoding=\"async\" src=\"http:\/\/outinglobal.com\/wp-content\/uploads\/2025\/01\/Outin-servicios-maritime_transport2.webp\" alt=\"Outin-servicios-maritime_transport2\" itemprop=\"image\" title=\"Outin-servicios-maritime_transport2\" onerror=\"this.style.display='none'\"  \/>\n\t\t\t\t<img decoding=\"async\" src=\"http:\/\/outinglobal.com\/wp-content\/uploads\/2025\/01\/I\u0301conos_Servicios_OG_Air-Freight.svg\" alt=\"I\u0301conos_Servicios_OG_Air-Freight\" title=\"I\u0301conos_Servicios_OG_Air-Freight\" itemprop=\"image\"\/>\n\t<h3>\n\t\t\t\tAIR CARGO\n\t\t\t<\/h3>\n\t\t\t<p>ALWAYS REACH YOUR DESTINATION<\/p>\t\n\t<p>We offer air cargo management services for both imports and exports internationally. At Out In Global we specialize in simplifying and optimizing the air shipping process, providing efficient and reliable solutions to ensure the uninterrupted flow of your cargo in import and export operations.<\/p>\n\n<p>As IATA members, we are accredited to handle all your air needs in Mexico and around the world, seeking excellence and efficiency in the air transport industry.<\/p>\n\t\t\t\t<img decoding=\"async\" src=\"http:\/\/outinglobal.com\/wp-content\/uploads\/2025\/01\/Outin-servicios-AITA.png\" alt=\"Outin-servicios-AITA\" title=\"Outin-servicios-AITA\" itemprop=\"image\"\/>\n\t<ul>\n<li>Project Cargo.<\/li>\n<li>Oversized Cargo.<\/li>\n<li>Hazardous Materials Management.<\/li>\n<li>Local Delivery Management to and from Air Terminals.<\/li>\n<li>Air Charter Services.<\/li>\n<li>Hand Carrier.<\/li>\n<\/ul>\n\t\t\t\t\t\t<h5>DOOR TO AIRPORT<\/h5>\n\t\t\t<ul>\n<li>Delivery to all major airports<\/li>\n<li>Express delivery (1-2 business days)<\/li>\n<li>Economy delivery (3-5 business days)<\/li>\n<\/ul>\n\t\t\t\t\t\t<h5>DOOR TO DOOR<\/h5>\n\t\t\t<ul>\n<li>Pickup anywhere in the country and the world<\/li>\n<li>Urgent services<\/li>\n<li>Customs assistance<\/li>\n<\/ul>\n\t\t\t\t\t\t<h5>URGENT CHARTER<\/h5>\n\t\t\t<ul>\n<li>Variety of custom aircraft<\/li>\n<li>Same-day pickup and delivery<\/li>\n<li>Coverage in the U.S., Mexico, Canada and South America<\/li>\n<\/ul>\n\t\t\t\t\t\t<h5>HAZARDOUS GOODS MANAGEMENT<\/h5>\n\t\t\t<ul>\n<li>DGD Packaging and Labelling Assistance<\/li>\n<li>DGD Documentation<\/li>\n<\/ul>\n\t\t\t\t\t\t<h5>HAND CARRIER<\/h5>\n\t\t\t<ul>\n<li>Exceptional Priority: Cargo received with maximum priority and speed<\/li>\n<li>Unique attention from origin to destination<\/li>\n<li>We guarantee total security during transport<\/li>\n<li>Fast and efficient to meet tight deadlines\u00a0<\/li>\n<li>Real-time tracking<\/li>\n<\/ul>\n\t\t\t\t<img decoding=\"async\" src=\"http:\/\/outinglobal.com\/wp-content\/uploads\/2025\/01\/I\u0301conos_Servicios_OG_Land-Transportation.svg\" alt=\"I\u0301conos_Servicios_OG_Land-Transportation\" title=\"I\u0301conos_Servicios_OG_Land-Transportation\" itemprop=\"image\"\/>\n\t<h3>\n\t\t\t\tLAND TRANSPORTATION\n\t\t\t<\/h3>\n\t\t\t<p>EFFECTIVE DELIVERY AND COVERAGE FOR ANY ROUTE<\/p>\t\n\t<p>We work exclusively with trusted carriers certified by CAAT and NEEC, ensuring the highest quality. Our network spans the United States, Canada and Mexico, ensuring comprehensive coverage for your ground transportation needs with efficiency and unbeatable service.<\/p>\n\t\t\t\t\t\t<h5>Expedited transportation<\/h5>\n\t\t\t<p>We offer fast and reliable solutions for land transport of goods, guaranteeing timely and safe deliveries.<\/p>\n\t\t\t\t\t\t<h5>FTL services<\/h5>\n\t\t\t<p>For large shipments, our FTL (Full Truck Load) service ensures that your cargo occupies a full truck, optimizing time and costs.<\/p>\n\t\t\t\t\t\t<h5>LTL services<\/h5>\n\t\t\t<p>If your load is smaller, the LTL (Less Than Truck Load) service allows you to share space in the truck with other loads, reducing costs without compromising safety.<\/p>\n\t\t\t\t<img decoding=\"async\" src=\"http:\/\/outinglobal.com\/wp-content\/uploads\/2025\/01\/Outin-servicios-land_transport2.webp\" alt=\"Outin-servicios-land_transport2\" itemprop=\"image\" title=\"Outin-servicios-land_transport2\" onerror=\"this.style.display='none'\"  \/>\n\t\t\t\t<img decoding=\"async\" src=\"http:\/\/outinglobal.com\/wp-content\/uploads\/2025\/01\/I\u0301conos_Servicios_OG_Special-Projects.svg\" alt=\"I\u0301conos_Servicios_OG_Special-Projects\" title=\"I\u0301conos_Servicios_OG_Special-Projects\" itemprop=\"image\"\/>\n\t<h3>\n\t\t\t\tSPECIAL PROJECTS\n\t\t\t<\/h3>\n\t\t\t<p>OPTIMIZE YOUR PROJECTS WITH TAILORED STRATEGIES<\/p>\t\n\t<p>Our special project logistics services are meticulously designed to take your supply chain to new levels of efficiency and excellence. We recognize the importance of agility and precision in managing your logistics operations.<\/p>\n\n<p>Through detailed analysis and research, we assess your specific needs and develop tailored strategies that optimize everything from routes to inventory management and carrier coordination. We are committed to providing industry-benchmarked solutions, driving competitiveness and profitability. Let us be your strategic partner on the path to logistics success.<\/p>\n\t\t\t\t<img decoding=\"async\" src=\"http:\/\/outinglobal.com\/wp-content\/uploads\/2025\/01\/Outin-servicios-special_services.webp\" alt=\"Outin-servicios-special_services\" itemprop=\"image\" title=\"Outin-servicios-special_services\" onerror=\"this.style.display='none'\"  \/>\n\t\t\t<h6>Do you have any questions?<\/h6><h2>Contact us<\/h2>\t\t\t\n\t\t\t\t<p>Fill out the following form and we will send you our information and quote as soon as possible.<\/p>\n\t\n<div class=\"wpcf7 no-js\" id=\"wpcf7-f742-o1\" lang=\"en-US\" dir=\"ltr\" data-wpcf7-id=\"742\">\n<div class=\"screen-reader-response\"><p role=\"status\" aria-live=\"polite\" aria-atomic=\"true\"><\/p> <ul><\/ul><\/div>\n<form action=\"\/en\/wp-json\/wp\/v2\/pages\/404#wpcf7-f742-o1\" method=\"post\" class=\"wpcf7-form init\" aria-label=\"Contact form\" novalidate=\"novalidate\" data-status=\"init\" data-trp-original-action=\"\/en\/wp-json\/wp\/v2\/pages\/404#wpcf7-f742-o1\">\n<div style=\"display: none;\">\n<input type=\"hidden\" name=\"_wpcf7\" value=\"742\" \/>\n<input type=\"hidden\" name=\"_wpcf7_version\" value=\"6.0.3\" \/>\n<input type=\"hidden\" name=\"_wpcf7_locale\" value=\"en_US\" \/>\n<input type=\"hidden\" name=\"_wpcf7_unit_tag\" value=\"wpcf7-f742-o1\" \/>\n<input type=\"hidden\" name=\"_wpcf7_container_post\" value=\"0\" \/>\n<input type=\"hidden\" name=\"_wpcf7_posted_data_hash\" value=\"\" \/>\n<\/div>\n<p><label> Name<br \/>\n<span class=\"wpcf7-form-control-wrap\" data-name=\"your-name\"><input size=\"40\" maxlength=\"400\" class=\"wpcf7-form-control wpcf7-text wpcf7-validates-as-required\" autocomplete=\"name\" aria-required=\"true\" aria-invalid=\"false\" value=\"\" type=\"text\" name=\"your-name\" \/><\/span> <\/label>\n<\/p>\n<p><label> Email<br \/>\n<span class=\"wpcf7-form-control-wrap\" data-name=\"your-email\"><input size=\"40\" maxlength=\"400\" class=\"wpcf7-form-control wpcf7-email wpcf7-validates-as-required wpcf7-text wpcf7-validates-as-email\" autocomplete=\"email\" aria-required=\"true\" aria-invalid=\"false\" value=\"\" type=\"email\" name=\"your-email\" \/><\/span> <\/label>\n<\/p>\n<p><label> Company<br \/>\n<span class=\"wpcf7-form-control-wrap\" data-name=\"your-empresa\"><input size=\"40\" maxlength=\"400\" class=\"wpcf7-form-control wpcf7-text wpcf7-validates-as-required\" aria-required=\"true\" aria-invalid=\"false\" value=\"\" type=\"text\" name=\"your-empresa\" \/><\/span> <\/label>\n<\/p>\n<p><label> Country<br \/>\n<span class=\"wpcf7-form-control-wrap\" data-name=\"your-pais\"><input size=\"40\" maxlength=\"400\" class=\"wpcf7-form-control wpcf7-text wpcf7-validates-as-required\" aria-required=\"true\" aria-invalid=\"false\" value=\"\" type=\"text\" name=\"your-pais\" \/><\/span> <\/label>\n<\/p>\n<p><label> Service<br \/>\n<span class=\"wpcf7-form-control-wrap\" data-name=\"servicio-157\"><select class=\"wpcf7-form-control wpcf7-select\" aria-invalid=\"false\" name=\"servicio-157\"><option value=\"\">Import<\/option><option value=\"Exportaci\u00f3n\">Export<\/option><option value=\"Importaci\u00f3n y Exportaci\u00f3n\">Import and Export<\/option><\/select><\/span><\/label>\n<\/p>\n<p><label> Type of Freight<br \/>\n<span class=\"wpcf7-form-control-wrap\" data-name=\"transportacion-498\"><select class=\"wpcf7-form-control wpcf7-select\" aria-invalid=\"false\" name=\"transportacion-498\"><option value=\"\">Ocean<\/option><option value=\"A\u00e9rea\">Air Cargo<\/option><option value=\"Terrestre\">Land<\/option><option value=\"Todos\">All of the above<\/option><\/select><\/span><\/label>\n<\/p>\n<p><label> WhatsApp<br \/>\n<span class=\"wpcf7-form-control-wrap\" data-name=\"your-whatsapp\"><input class=\"wpcf7-form-control wpcf7-number wpcf7-validates-as-number\" aria-invalid=\"false\" value=\"\" type=\"number\" name=\"your-whatsapp\" \/><\/span> <\/label>\n<\/p>\n<p><label> Message (optional)<br \/>\n<span class=\"wpcf7-form-control-wrap\" data-name=\"your-message\"><textarea cols=\"40\" rows=\"10\" maxlength=\"2000\" class=\"wpcf7-form-control wpcf7-textarea\" aria-invalid=\"false\" name=\"your-message\"><\/textarea><\/span> <\/label>\n<\/p>\n<p><span class=\"wpcf7-form-control-wrap\" data-name=\"hcap-cf7\">\t\t<input\r\n\t\t\t\ttype=\"hidden\"\r\n\t\t\t\tclass=\"hcaptcha-widget-id\"\r\n\t\t\t\tname=\"hcaptcha-widget-id\"\r\n\t\t\t\tvalue=\"eyJzb3VyY2UiOlsiY29udGFjdC1mb3JtLTdcL3dwLWNvbnRhY3QtZm9ybS03LnBocCJdLCJmb3JtX2lkIjo3MH0=-e932207cdcdbbbecc85a6d1fd511b6cd\">\r\n\t\t\t\t<span id=\"hcap_cf7-6a095de14c9909.38342919\" class=\"wpcf7-form-control h-captcha\"\r\n\t\t\t\tdata-sitekey=\"99aab012-0d18-4f78-b4ca-cde2b8d8a14a\"\r\n\t\t\t\tdata-theme=\"light\"\r\n\t\t\t\tdata-size=\"normal\"\r\n\t\t\t\tdata-auto=\"false\"\r\n\t\t\t\tdata-ajax=\"false\"\r\n\t\t\t\tdata-force=\"true\">\r\n\t\t<\/span>\r\n\t\t<input type=\"hidden\" id=\"_wpnonce\" name=\"_wpnonce\" value=\"96411d9335\" \/><input type=\"hidden\" name=\"_wp_http_referer\" value=\"\/en\/wp-json\/wp\/v2\/pages\/404\" \/><\/span><input class=\"wpcf7-form-control wpcf7-submit has-spinner\" type=\"submit\" value=\"SEND\" \/>\n<\/p><div class=\"wpcf7-response-output\" aria-hidden=\"true\"><\/div>\n<input type=\"hidden\" name=\"trp-form-language\" value=\"en\"\/><\/form>\n<\/div>","protected":false},"excerpt":{"rendered":"<p>Nuestros servicios Transportaci\u00f3n Mar\u00edtima Llega a cualquier puerto en el mundo Negociamos directamente con la mayor\u00eda de los principales transportistas mar\u00edtimos del mundo, lo que nos permite proporcionar tarifas competitivas y servicio desde y hacia cualquier puerto importante del mundo para la importaci\u00f3n y exportaci\u00f3n. Full Container Loads (FCL) Ofrecemos un servicio eficiente y econ\u00f3mico [&hellip;]<\/p>","protected":false},"author":2,"featured_media":0,"parent":0,"menu_order":0,"comment_status":"closed","ping_status":"closed","template":"","meta":{"site-sidebar-layout":"no-sidebar","site-content-layout":"page-builder","ast-site-content-layout":"full-width-container","site-content-style":"unboxed","site-sidebar-style":"unboxed","ast-global-header-display":"","ast-banner-title-visibility":"","ast-main-header-display":"","ast-hfb-above-header-display":"","ast-hfb-below-header-display":"","ast-hfb-mobile-header-display":"","site-post-title":"disabled","ast-breadcrumbs-content":"","ast-featured-img":"disabled","footer-sml-layout":"","theme-transparent-header-meta":"enabled","adv-header-id-meta":"","stick-header-meta":"","header-above-stick-meta":"","header-main-stick-meta":"","header-below-stick-meta":"","astra-migrate-meta-layouts":"set","ast-page-background-enabled":"default","ast-page-background-meta":{"desktop":{"background-color":"","background-image":"","background-repeat":"repeat","background-position":"center center","background-size":"auto","background-attachment":"scroll","background-type":"","background-media":"","overlay-type":"","overlay-color":"","overlay-opacity":"","overlay-gradient":""},"tablet":{"background-color":"","background-image":"","background-repeat":"repeat","background-position":"center center","background-size":"auto","background-attachment":"scroll","background-type":"","background-media":"","overlay-type":"","overlay-color":"","overlay-opacity":"","overlay-gradient":""},"mobile":{"background-color":"","background-image":"","background-repeat":"repeat","background-position":"center center","background-size":"auto","background-attachment":"scroll","background-type":"","background-media":"","overlay-type":"","overlay-color":"","overlay-opacity":"","overlay-gradient":""}},"ast-content-background-meta":{"desktop":{"background-color":"var(--ast-global-color-5)","background-image":"","background-repeat":"repeat","background-position":"center center","background-size":"auto","background-attachment":"scroll","background-type":"","background-media":"","overlay-type":"","overlay-color":"","overlay-opacity":"","overlay-gradient":""},"tablet":{"background-color":"var(--ast-global-color-5)","background-image":"","background-repeat":"repeat","background-position":"center center","background-size":"auto","background-attachment":"scroll","background-type":"","background-media":"","overlay-type":"","overlay-color":"","overlay-opacity":"","overlay-gradient":""},"mobile":{"background-color":"var(--ast-global-color-5)","background-image":"","background-repeat":"repeat","background-position":"center center","background-size":"auto","background-attachment":"scroll","background-type":"","background-media":"","overlay-type":"","overlay-color":"","overlay-opacity":"","overlay-gradient":""}},"footnotes":""},"class_list":["post-404","page","type-page","status-publish","hentry"],"_links":{"self":[{"href":"https:\/\/outinglobal.com\/en\/wp-json\/wp\/v2\/pages\/404","targetHints":{"allow":["GET"]}}],"collection":[{"href":"https:\/\/outinglobal.com\/en\/wp-json\/wp\/v2\/pages"}],"about":[{"href":"https:\/\/outinglobal.com\/en\/wp-json\/wp\/v2\/types\/page"}],"author":[{"embeddable":true,"href":"https:\/\/outinglobal.com\/en\/wp-json\/wp\/v2\/users\/2"}],"replies":[{"embeddable":true,"href":"https:\/\/outinglobal.com\/en\/wp-json\/wp\/v2\/comments?post=404"}],"version-history":[{"count":4,"href":"https:\/\/outinglobal.com\/en\/wp-json\/wp\/v2\/pages\/404\/revisions"}],"predecessor-version":[{"id":741,"href":"https:\/\/outinglobal.com\/en\/wp-json\/wp\/v2\/pages\/404\/revisions\/741"}],"wp:attachment":[{"href":"https:\/\/outinglobal.com\/en\/wp-json\/wp\/v2\/media?parent=404"}],"curies":[{"name":"wp","href":"https:\/\/api.w.org\/{rel}","templated":true}]}}