{"id":412,"date":"2018-07-10T08:53:14","date_gmt":"2018-07-10T08:53:14","guid":{"rendered":"https:\/\/outinglobal.com\/inicio\/"},"modified":"2025-03-07T15:35:06","modified_gmt":"2025-03-07T15:35:06","slug":"inicio","status":"publish","type":"page","link":"https:\/\/outinglobal.com\/en\/","title":{"rendered":"Home"},"content":{"rendered":"<h1>\n\t\t\t\tWHAT DO WE DO?\n\t\t\t<\/h1>\n\t\t\t<p>At Out-In Global we take care of the entire process of your international shipment, managing documentation and complying with regulations. Thanks to our good relationships with carriers, we obtain the best conditions for you, ensuring speed, good price and reliability.<\/p>\t\n<h2>\n\t\tWe make logistics a simple and comprehensive process.\n\t<\/h2>\n\t<h2>\n\t\t\t\tOur services portfolio\n\t\t\t<\/h2>\n\t\t\t\t<img decoding=\"async\" src=\"http:\/\/outinglobal.com\/wp-content\/uploads\/2025\/01\/I\u0301conos_Servicios_OG_Ocean-Freight.svg\" alt=\"I\u0301conos_Servicios_OG_Ocean-Freight\" title=\"I\u0301conos_Servicios_OG_Ocean-Freight\" itemprop=\"image\"\/>\n\t<h4>\n\t\t\t\tOCEAN FREIGHT\n\t\t\t<\/h4>\n\t\t\t<p>REACH ANY PORT IN THE WORLD<\/p>\t\n\t\t\t<h3> Full Container Loads (FCL)<\/h3>\t\t\n\t\t\t<h3> Less Than Container Loads (LCL)<\/h3>\t\t\n\t\t\t<h3> Project Cargo<\/h3>\t\t\n\t\t\t<h3> Break Bulk Oversized Cargo<\/h3>\t\t\n\t\t\t<h3> Door to Door Services<\/h3>\t\t\n\t\t\t<h3> Port to Port Shipments<\/h3>\t\t\n\t\t\t<a href=\"https:\/\/outinglobal.com\/en\/servicios\/#maritima\" target=\"_self\">\n\t\t\t\t\t\t\tREAD MORE\n\t\t\t\t\t<\/a>\n\t\t\t\t<img decoding=\"async\" src=\"http:\/\/outinglobal.com\/wp-content\/uploads\/2025\/01\/I\u0301conos_Servicios_OG_Land-Transportation.svg\" alt=\"I\u0301conos_Servicios_OG_Land-Transportation\" title=\"I\u0301conos_Servicios_OG_Land-Transportation\" itemprop=\"image\"\/>\n\t<h4>\n\t\t\t\tLAND TRANSPORTATION\n\t\t\t<\/h4>\n\t\t\t<p>EFFECTIVE DELIVERY AND COVERAGE FOR ANY ROUTE<\/p>\t\n\t\t\t<h3> Expedited transportation<\/h3>\t\t\n\t\t\t<h3> FTL services<\/h3>\t\t\n\t\t\t<h3> LTL services<\/h3>\t\t\n\t\t\t<h3> Oversized cargo<\/h3>\t\t\n\t\t\t<h3> Central America projects<\/h3>\t\t\n\t\t\t<a href=\"https:\/\/outinglobal.com\/en\/servicios\/#terrestre\" target=\"_self\">\n\t\t\t\t\t\t\tREAD MORE\n\t\t\t\t\t<\/a>\n\t\t\t\t<img decoding=\"async\" src=\"http:\/\/outinglobal.com\/wp-content\/uploads\/2025\/01\/I\u0301conos_Servicios_OG_Air-Freight.svg\" alt=\"I\u0301conos_Servicios_OG_Air-Freight\" title=\"I\u0301conos_Servicios_OG_Air-Freight\" itemprop=\"image\"\/>\n\t<h4>\n\t\t\t\tAIR CARGO\n\t\t\t<\/h4>\n\t\t\t<p>ALWAYS REACH YOUR DESTINATION<\/p>\t\n\t\t\t<h3> Project Cargo<\/h3>\t\t\n\t\t\t<h3> Oversized Cargo<\/h3>\t\t\n\t\t\t<h3> Hazardous Materials Management<\/h3>\t\t\n\t\t\t<h3> Local delivery management to and from air terminals<\/h3>\t\t\n\t\t\t<h3> Air Charter Services<\/h3>\t\t\n\t\t\t<h3> Hand Carrier<\/h3>\t\t\n\t\t\t<a href=\"https:\/\/outinglobal.com\/en\/servicios\/#aerea\" target=\"_self\">\n\t\t\t\t\t\t\tREAD MORE\n\t\t\t\t\t<\/a>\n\t\t\t\t<img decoding=\"async\" src=\"http:\/\/outinglobal.com\/wp-content\/uploads\/2025\/01\/I\u0301conos_Servicios_OG_Special-Projects.svg\" alt=\"I\u0301conos_Servicios_OG_Special-Projects\" title=\"I\u0301conos_Servicios_OG_Special-Projects\" itemprop=\"image\"\/>\n\t<h4>\n\t\t\t\tSPECIAL PROJECTS\n\t\t\t<\/h4>\n\t\t\t<p>OPTIMIZE YOUR PROJECTS WITH TAILORED STRATEGIES<\/p>\t\n\t\t\t<h3> Customized analysis and evaluation<\/h3>\t\t\n\t\t\t<h3> Route optimization<\/h3>\t\t\n\t\t\t<h3> Inventory management<\/h3>\t\t\n\t\t\t<h3> Carrier coordination<\/h3>\t\t\n\t\t\t<h3> Tailor-made logistics strategies<\/h3>\t\t\n\t\t\t<h3> Development of customized strategies that improve profitability and efficiency<\/h3>\t\t\n\t\t\t<a href=\"https:\/\/outinglobal.com\/en\/servicios\/#especiales\" target=\"_self\">\n\t\t\t\t\t\t\tREAD MORE\n\t\t\t\t\t<\/a>\n\t\t\t<h6>Do you have any questions?<\/h6><h2>Contact us<\/h2>\t\t\t\n\t\t\t\t<p>Fill out the following form and we will send you our information and quote as soon as possible.<\/p>\n\t\n<div class=\"wpcf7 no-js\" id=\"wpcf7-f742-o1\" lang=\"en-US\" dir=\"ltr\" data-wpcf7-id=\"742\">\n<div class=\"screen-reader-response\"><p role=\"status\" aria-live=\"polite\" aria-atomic=\"true\"><\/p> <ul><\/ul><\/div>\n<form action=\"\/en\/wp-json\/wp\/v2\/pages\/412#wpcf7-f742-o1\" method=\"post\" class=\"wpcf7-form init\" aria-label=\"Contact form\" novalidate=\"novalidate\" data-status=\"init\" data-trp-original-action=\"\/en\/wp-json\/wp\/v2\/pages\/412#wpcf7-f742-o1\">\n<div style=\"display: none;\">\n<input type=\"hidden\" name=\"_wpcf7\" value=\"742\" \/>\n<input type=\"hidden\" name=\"_wpcf7_version\" value=\"6.0.3\" \/>\n<input type=\"hidden\" name=\"_wpcf7_locale\" value=\"en_US\" \/>\n<input type=\"hidden\" name=\"_wpcf7_unit_tag\" value=\"wpcf7-f742-o1\" \/>\n<input type=\"hidden\" name=\"_wpcf7_container_post\" value=\"0\" \/>\n<input type=\"hidden\" name=\"_wpcf7_posted_data_hash\" value=\"\" \/>\n<\/div>\n<p><label> Name<br \/>\n<span class=\"wpcf7-form-control-wrap\" data-name=\"your-name\"><input size=\"40\" maxlength=\"400\" class=\"wpcf7-form-control wpcf7-text wpcf7-validates-as-required\" autocomplete=\"name\" aria-required=\"true\" aria-invalid=\"false\" value=\"\" type=\"text\" name=\"your-name\" \/><\/span> <\/label>\n<\/p>\n<p><label> Email<br \/>\n<span class=\"wpcf7-form-control-wrap\" data-name=\"your-email\"><input size=\"40\" maxlength=\"400\" class=\"wpcf7-form-control wpcf7-email wpcf7-validates-as-required wpcf7-text wpcf7-validates-as-email\" autocomplete=\"email\" aria-required=\"true\" aria-invalid=\"false\" value=\"\" type=\"email\" name=\"your-email\" \/><\/span> <\/label>\n<\/p>\n<p><label> Company<br \/>\n<span class=\"wpcf7-form-control-wrap\" data-name=\"your-empresa\"><input size=\"40\" maxlength=\"400\" class=\"wpcf7-form-control wpcf7-text wpcf7-validates-as-required\" aria-required=\"true\" aria-invalid=\"false\" value=\"\" type=\"text\" name=\"your-empresa\" \/><\/span> <\/label>\n<\/p>\n<p><label> Country<br \/>\n<span class=\"wpcf7-form-control-wrap\" data-name=\"your-pais\"><input size=\"40\" maxlength=\"400\" class=\"wpcf7-form-control wpcf7-text wpcf7-validates-as-required\" aria-required=\"true\" aria-invalid=\"false\" value=\"\" type=\"text\" name=\"your-pais\" \/><\/span> <\/label>\n<\/p>\n<p><label> Service<br \/>\n<span class=\"wpcf7-form-control-wrap\" data-name=\"servicio-157\"><select class=\"wpcf7-form-control wpcf7-select\" aria-invalid=\"false\" name=\"servicio-157\"><option value=\"\">Import<\/option><option value=\"Exportaci\u00f3n\">Export<\/option><option value=\"Importaci\u00f3n y Exportaci\u00f3n\">Import and Export<\/option><\/select><\/span><\/label>\n<\/p>\n<p><label> Type of Freight<br \/>\n<span class=\"wpcf7-form-control-wrap\" data-name=\"transportacion-498\"><select class=\"wpcf7-form-control wpcf7-select\" aria-invalid=\"false\" name=\"transportacion-498\"><option value=\"\">Ocean<\/option><option value=\"A\u00e9rea\">Air Cargo<\/option><option value=\"Terrestre\">Land<\/option><option value=\"Todos\">All of the above<\/option><\/select><\/span><\/label>\n<\/p>\n<p><label> WhatsApp<br \/>\n<span class=\"wpcf7-form-control-wrap\" data-name=\"your-whatsapp\"><input class=\"wpcf7-form-control wpcf7-number wpcf7-validates-as-number\" aria-invalid=\"false\" value=\"\" type=\"number\" name=\"your-whatsapp\" \/><\/span> <\/label>\n<\/p>\n<p><label> Message (optional)<br \/>\n<span class=\"wpcf7-form-control-wrap\" data-name=\"your-message\"><textarea cols=\"40\" rows=\"10\" maxlength=\"2000\" class=\"wpcf7-form-control wpcf7-textarea\" aria-invalid=\"false\" name=\"your-message\"><\/textarea><\/span> <\/label>\n<\/p>\n<p><span class=\"wpcf7-form-control-wrap\" data-name=\"hcap-cf7\">\t\t<input\r\n\t\t\t\ttype=\"hidden\"\r\n\t\t\t\tclass=\"hcaptcha-widget-id\"\r\n\t\t\t\tname=\"hcaptcha-widget-id\"\r\n\t\t\t\tvalue=\"eyJzb3VyY2UiOlsiY29udGFjdC1mb3JtLTdcL3dwLWNvbnRhY3QtZm9ybS03LnBocCJdLCJmb3JtX2lkIjo4fQ==-21aa77c54258da31b22e2024229511d7\">\r\n\t\t\t\t<span id=\"hcap_cf7-6a095173a588e3.01123196\" class=\"wpcf7-form-control h-captcha\"\r\n\t\t\t\tdata-sitekey=\"99aab012-0d18-4f78-b4ca-cde2b8d8a14a\"\r\n\t\t\t\tdata-theme=\"light\"\r\n\t\t\t\tdata-size=\"normal\"\r\n\t\t\t\tdata-auto=\"false\"\r\n\t\t\t\tdata-ajax=\"false\"\r\n\t\t\t\tdata-force=\"true\">\r\n\t\t<\/span>\r\n\t\t<input type=\"hidden\" id=\"_wpnonce\" name=\"_wpnonce\" value=\"96411d9335\" \/><input type=\"hidden\" name=\"_wp_http_referer\" value=\"\/en\/wp-json\/wp\/v2\/pages\/412\" \/><\/span><input class=\"wpcf7-form-control wpcf7-submit has-spinner\" type=\"submit\" value=\"SEND\" \/>\n<\/p><div class=\"wpcf7-response-output\" aria-hidden=\"true\"><\/div>\n<input type=\"hidden\" name=\"trp-form-language\" value=\"en\"\/><\/form>\n<\/div>","protected":false},"excerpt":{"rendered":"<p>\u00bfQu\u00e9 hacemos? En Out-In Global nos encargamos de todo el proceso de tu env\u00edo internacional, gestionando documentaci\u00f3n y cumpliendo con las normativas. Gracias a nuestras buenas relaciones con transportistas, conseguimos las mejores condiciones para ti, asegurando rapidez, buen precio y confiabilidad. Hacemos de la log\u00edstica un proceso sencillo e integral Nuestro portafolio de servicios Transportaci\u00f3n [&hellip;]<\/p>","protected":false},"author":2,"featured_media":0,"parent":0,"menu_order":0,"comment_status":"closed","ping_status":"closed","template":"","meta":{"site-sidebar-layout":"no-sidebar","site-content-layout":"page-builder","ast-site-content-layout":"","site-content-style":"default","site-sidebar-style":"default","ast-global-header-display":"","ast-banner-title-visibility":"","ast-main-header-display":"","ast-hfb-above-header-display":"","ast-hfb-below-header-display":"","ast-hfb-mobile-header-display":"","site-post-title":"disabled","ast-breadcrumbs-content":"","ast-featured-img":"disabled","footer-sml-layout":"","theme-transparent-header-meta":"enabled","adv-header-id-meta":"","stick-header-meta":"default","header-above-stick-meta":"","header-main-stick-meta":"","header-below-stick-meta":"","astra-migrate-meta-layouts":"default","ast-page-background-enabled":"default","ast-page-background-meta":{"desktop":{"background-color":"","background-image":"","background-repeat":"repeat","background-position":"center center","background-size":"auto","background-attachment":"scroll","background-type":"","background-media":"","overlay-type":"","overlay-color":"","overlay-opacity":"","overlay-gradient":""},"tablet":{"background-color":"","background-image":"","background-repeat":"repeat","background-position":"center center","background-size":"auto","background-attachment":"scroll","background-type":"","background-media":"","overlay-type":"","overlay-color":"","overlay-opacity":"","overlay-gradient":""},"mobile":{"background-color":"","background-image":"","background-repeat":"repeat","background-position":"center center","background-size":"auto","background-attachment":"scroll","background-type":"","background-media":"","overlay-type":"","overlay-color":"","overlay-opacity":"","overlay-gradient":""}},"ast-content-background-meta":{"desktop":{"background-color":"var(--ast-global-color-5)","background-image":"","background-repeat":"repeat","background-position":"center center","background-size":"auto","background-attachment":"scroll","background-type":"","background-media":"","overlay-type":"","overlay-color":"","overlay-opacity":"","overlay-gradient":""},"tablet":{"background-color":"var(--ast-global-color-5)","background-image":"","background-repeat":"repeat","background-position":"center center","background-size":"auto","background-attachment":"scroll","background-type":"","background-media":"","overlay-type":"","overlay-color":"","overlay-opacity":"","overlay-gradient":""},"mobile":{"background-color":"var(--ast-global-color-5)","background-image":"","background-repeat":"repeat","background-position":"center center","background-size":"auto","background-attachment":"scroll","background-type":"","background-media":"","overlay-type":"","overlay-color":"","overlay-opacity":"","overlay-gradient":""}},"footnotes":""},"class_list":["post-412","page","type-page","status-publish","hentry"],"_links":{"self":[{"href":"https:\/\/outinglobal.com\/en\/wp-json\/wp\/v2\/pages\/412","targetHints":{"allow":["GET"]}}],"collection":[{"href":"https:\/\/outinglobal.com\/en\/wp-json\/wp\/v2\/pages"}],"about":[{"href":"https:\/\/outinglobal.com\/en\/wp-json\/wp\/v2\/types\/page"}],"author":[{"embeddable":true,"href":"https:\/\/outinglobal.com\/en\/wp-json\/wp\/v2\/users\/2"}],"replies":[{"embeddable":true,"href":"https:\/\/outinglobal.com\/en\/wp-json\/wp\/v2\/comments?post=412"}],"version-history":[{"count":11,"href":"https:\/\/outinglobal.com\/en\/wp-json\/wp\/v2\/pages\/412\/revisions"}],"predecessor-version":[{"id":928,"href":"https:\/\/outinglobal.com\/en\/wp-json\/wp\/v2\/pages\/412\/revisions\/928"}],"wp:attachment":[{"href":"https:\/\/outinglobal.com\/en\/wp-json\/wp\/v2\/media?parent=412"}],"curies":[{"name":"wp","href":"https:\/\/api.w.org\/{rel}","templated":true}]}}